{"id":34,"date":"2013-11-15T10:11:29","date_gmt":"2013-11-15T10:11:29","guid":{"rendered":"http:\/\/bonafides.it\/wordpress\/?page_id=34"},"modified":"2013-11-22T01:03:09","modified_gmt":"2013-11-22T01:03:09","slug":"info","status":"publish","type":"page","link":"http:\/\/bonafides.it\/wordpress\/info\/","title":{"rendered":"Info"},"content":{"rendered":"<p><em>Bona Fides<\/em>\u00a0\u00e8 un&#8217;associazione culturale no profit che svolge la sua attivit\u00e0 principalmente del quartiere\u00a0<em>Giardino di Roma<\/em>.<\/p>\n<p><a href=\"https:\/\/i0.wp.com\/www.giardinodiroma.eu\/wp-content\/uploads\/2012\/12\/bonafides_logo_white.jpg\"><img decoding=\"async\" loading=\"lazy\" class=\"aligncenter\" alt=\"bonafides_logo_white\" src=\"https:\/\/i0.wp.com\/www.giardinodiroma.eu\/wp-content\/uploads\/2012\/12\/bonafides_logo_white-300x289.jpg?resize=300%2C289\" width=\"300\" height=\"289\" data-recalc-dims=\"1\" \/><\/a><\/p>\n<p>La nostra sede legale \u00e8 presso Via Pietro Gherardi 6, 00125 Roma.<\/p>\n<p>Su Facebook la nostra pagina \u00e8\u00a0<a href=\"https:\/\/www.facebook.com\/associazioneBonaFides\" target=\"_blank\">Associazione Bona Fides<\/a><\/p>\n<p>Su Twitter puoi seguirci su\u00a0<a href=\"https:\/\/twitter.com\/AssBonafides\" target=\"_blank\">@AssBonafides<\/a><\/p>\n<p>Puoi contattarci via mail tramite questo modulo<\/p>\n\n<div class=\"wpcf7 no-js\" id=\"wpcf7-f76-o1\" lang=\"it-IT\" dir=\"ltr\">\n<div class=\"screen-reader-response\"><p role=\"status\" aria-live=\"polite\" aria-atomic=\"true\"><\/p> <ul><\/ul><\/div>\n<form action=\"\/wordpress\/wp-json\/wp\/v2\/pages\/34#wpcf7-f76-o1\" method=\"post\" class=\"wpcf7-form init\" aria-label=\"Modulo di contatto\" novalidate=\"novalidate\" data-status=\"init\">\n<div style=\"display: none;\">\n<input type=\"hidden\" name=\"_wpcf7\" value=\"76\" \/>\n<input type=\"hidden\" name=\"_wpcf7_version\" value=\"5.7.6\" \/>\n<input type=\"hidden\" name=\"_wpcf7_locale\" value=\"it_IT\" \/>\n<input type=\"hidden\" name=\"_wpcf7_unit_tag\" value=\"wpcf7-f76-o1\" \/>\n<input type=\"hidden\" name=\"_wpcf7_container_post\" value=\"0\" \/>\n<input type=\"hidden\" name=\"_wpcf7_posted_data_hash\" value=\"\" \/>\n<\/div>\n<p>Il tuo nome (richiesto)\n<\/p>\n<p><span class=\"wpcf7-form-control-wrap\" data-name=\"your-name\"><input size=\"40\" class=\"wpcf7-form-control wpcf7-text wpcf7-validates-as-required\" aria-required=\"true\" aria-invalid=\"false\" value=\"\" type=\"text\" name=\"your-name\" \/><\/span>\n<\/p>\n<p>La tua email (richiesto)\n<\/p>\n<p><span class=\"wpcf7-form-control-wrap\" data-name=\"your-email\"><input size=\"40\" class=\"wpcf7-form-control wpcf7-text wpcf7-email wpcf7-validates-as-required wpcf7-validates-as-email\" aria-required=\"true\" aria-invalid=\"false\" value=\"\" type=\"email\" name=\"your-email\" \/><\/span>\n<\/p>\n<p>Oggetto\n<\/p>\n<p><span class=\"wpcf7-form-control-wrap\" data-name=\"your-subject\"><input size=\"40\" class=\"wpcf7-form-control wpcf7-text\" aria-invalid=\"false\" value=\"\" type=\"text\" name=\"your-subject\" \/><\/span>\n<\/p>\n<p>Il tuo messaggio\n<\/p>\n<p><span class=\"wpcf7-form-control-wrap\" data-name=\"your-message\"><textarea cols=\"40\" rows=\"10\" class=\"wpcf7-form-control wpcf7-textarea\" aria-invalid=\"false\" name=\"your-message\"><\/textarea><\/span>\n<\/p>\n<p><input class=\"wpcf7-form-control has-spinner wpcf7-submit\" type=\"submit\" value=\"Invia\" \/>\n<\/p><p style=\"display: none !important;\" class=\"akismet-fields-container\" data-prefix=\"_wpcf7_ak_\"><label>&#916;<textarea name=\"_wpcf7_ak_hp_textarea\" cols=\"45\" rows=\"8\" maxlength=\"100\"><\/textarea><\/label><input type=\"hidden\" id=\"ak_js_1\" name=\"_wpcf7_ak_js\" value=\"86\"\/><script>document.getElementById( \"ak_js_1\" ).setAttribute( \"value\", ( new Date() ).getTime() );<\/script><\/p><div class=\"wpcf7-response-output\" aria-hidden=\"true\"><\/div>\n<\/form>\n<\/div>\n\n<p>&nbsp;<\/p>\n<p>Cos\u2019\u00e8? Perch\u00e8 questo nome?<\/p>\n<p>Il cos\u2019\u00e8 \u00e8 semplice e bello da raccontare. Nacque tutto a Luglio del 2012, quando un gruppetto di persone si ritrov\u00f2 a partecipare ad un piccolo mercatino dove dei ragazzi di Libera vendevano dei prodotti coltivati sulle terre sequestrate alle mafie.<br \/>\nSi chiacchier\u00f2 di legalit\u00e0 e della scarsa partecipazione che sempre in questo giovane quartiere ha caratterizzato quasi tutti i tentativi di aggregazione. Si parl\u00f2 della necessit\u00e0 di dare un esempio concreto in questa comunit\u00e0 che ci potessero essere alternative per i ragazzi ad imbrattare vetrine e muri, per gli adulti a ciondolare di panchina in panchina.<br \/>\nNacque l\u2019idea in alcuni di &#8211; letteralmente &#8211; strappar fuori di casa le persone per coinvolgerle in tante attivit\u00e0 che sarebbero state il collante per far trovare un\u2019identit\u00e0 a questa ancor giovane comunit\u00e0.<br \/>\nDi qui poi il passo \u00e8 stato breve ad incontrarsi di nuovo, a mettere in campo idee e a scoprire la necessit\u00e0 e la mancanza di una associazione culturale che potesse raccogliere tante persone e permettergli di costruire.<br \/>\nTre sono i punti cardine che abbiamo individuato e che abbiamo inserito nello statuto dell\u2019associazione:<\/p>\n<ol>\n<li>Promuovere una cultura della legalit\u00e0, della solidariet\u00e0 e dell\u2019ambiente, basata sui principi della Costituzione<\/li>\n<li>Promuovere la conoscenza dei diritti e dei doveri del cittadino legati alla nostra carta costituzionale con l\u2019intento di manifestare una chiara avversione agli atteggiamenti criminali<\/li>\n<li>Promuovere l\u2019elaborazione di strategia di lotta non violenta contro l\u2019illegalit\u00e0<\/li>\n<\/ol>\n<p>Il tutto si concretizzer\u00e0 nelle molteplici attivit\u00e0 che\u00a0<em>Bona Fides<\/em>\u00a0porter\u00e0 avanti nei prossimi anni.<\/p>\n<p>Ma perch\u00e8 questo nome:\u00a0<em>Bona Fides<\/em>? E\u2019 nato come un gioco, ma nemmeno tanto, su nome del nostro quartiere: Giardino di Roma troppo spesso sconosciuto. E allora ecco sulla bocca della gente Quartiere Caltagirone o Malafede dal nome della omonima via. E allora da malafede in buonafede e nella sua forma latinizzata di\u00a0<em>Bona Fides<\/em>\u00a0il passaggio \u00e8 stato quasi automatico, con tutto il significato pi\u00f9 profondo che\u00a0<em>Bona Fides<\/em>\u00a0porta in se.<\/p>\n","protected":false},"excerpt":{"rendered":"<p>Bona Fides\u00a0\u00e8 un&#8217;associazione culturale no profit che svolge la sua attivit\u00e0 principalmente del quartiere\u00a0Giardino di Roma. La nostra sede legale \u00e8 presso Via Pietro Gherardi 6, 00125 Roma. Su Facebook la nostra pagina \u00e8\u00a0Associazione Bona Fides Su Twitter puoi seguirci &hellip; <a href=\"http:\/\/bonafides.it\/wordpress\/info\/\">Continua a leggere<span class=\"meta-nav\">&rarr;<\/span><\/a><\/p>\n","protected":false},"author":1,"featured_media":0,"parent":0,"menu_order":0,"comment_status":"closed","ping_status":"open","template":"","meta":{"jetpack_post_was_ever_published":false},"yoast_head":"<!-- This site is optimized with the Yoast SEO plugin v20.4 - https:\/\/yoast.com\/wordpress\/plugins\/seo\/ -->\n<title>Info - Bona Fides<\/title>\n<meta name=\"robots\" content=\"index, follow, max-snippet:-1, max-image-preview:large, max-video-preview:-1\" \/>\n<link rel=\"canonical\" href=\"http:\/\/bonafides.it\/wordpress\/info\/\" \/>\n<meta property=\"og:locale\" content=\"it_IT\" \/>\n<meta property=\"og:type\" content=\"article\" \/>\n<meta property=\"og:title\" content=\"Info - Bona Fides\" \/>\n<meta property=\"og:description\" content=\"Bona Fides\u00a0\u00e8 un&#8217;associazione culturale no profit che svolge la sua attivit\u00e0 principalmente del quartiere\u00a0Giardino di Roma. La nostra sede legale \u00e8 presso Via Pietro Gherardi 6, 00125 Roma. Su Facebook la nostra pagina \u00e8\u00a0Associazione Bona Fides Su Twitter puoi seguirci &hellip; Continua a leggere&rarr;\" \/>\n<meta property=\"og:url\" content=\"http:\/\/bonafides.it\/wordpress\/info\/\" \/>\n<meta property=\"og:site_name\" content=\"Bona Fides\" \/>\n<meta property=\"article:publisher\" content=\"https:\/\/www.facebook.com\/associazioneBonaFides\/\" \/>\n<meta property=\"article:modified_time\" content=\"2013-11-22T01:03:09+00:00\" \/>\n<meta property=\"og:image\" content=\"http:\/\/www.giardinodiroma.eu\/wp-content\/uploads\/2012\/12\/bonafides_logo_white-300x289.jpg\" \/>\n<meta name=\"twitter:card\" content=\"summary_large_image\" \/>\n<meta name=\"twitter:site\" content=\"@AssBonafides\" \/>\n<meta name=\"twitter:label1\" content=\"Tempo di lettura stimato\" \/>\n\t<meta name=\"twitter:data1\" content=\"2 minuti\" \/>\n<script type=\"application\/ld+json\" class=\"yoast-schema-graph\">{\"@context\":\"https:\/\/schema.org\",\"@graph\":[{\"@type\":\"WebPage\",\"@id\":\"http:\/\/bonafides.it\/wordpress\/info\/\",\"url\":\"http:\/\/bonafides.it\/wordpress\/info\/\",\"name\":\"Info - Bona Fides\",\"isPartOf\":{\"@id\":\"http:\/\/bonafides.it\/wordpress\/#website\"},\"datePublished\":\"2013-11-15T10:11:29+00:00\",\"dateModified\":\"2013-11-22T01:03:09+00:00\",\"breadcrumb\":{\"@id\":\"http:\/\/bonafides.it\/wordpress\/info\/#breadcrumb\"},\"inLanguage\":\"it-IT\",\"potentialAction\":[{\"@type\":\"ReadAction\",\"target\":[\"http:\/\/bonafides.it\/wordpress\/info\/\"]}]},{\"@type\":\"BreadcrumbList\",\"@id\":\"http:\/\/bonafides.it\/wordpress\/info\/#breadcrumb\",\"itemListElement\":[{\"@type\":\"ListItem\",\"position\":1,\"name\":\"Home\",\"item\":\"http:\/\/bonafides.it\/wordpress\/\"},{\"@type\":\"ListItem\",\"position\":2,\"name\":\"Info\"}]},{\"@type\":\"WebSite\",\"@id\":\"http:\/\/bonafides.it\/wordpress\/#website\",\"url\":\"http:\/\/bonafides.it\/wordpress\/\",\"name\":\"Bona Fides\",\"description\":\"Associazione Culturale\",\"potentialAction\":[{\"@type\":\"SearchAction\",\"target\":{\"@type\":\"EntryPoint\",\"urlTemplate\":\"http:\/\/bonafides.it\/wordpress\/?s={search_term_string}\"},\"query-input\":\"required name=search_term_string\"}],\"inLanguage\":\"it-IT\"}]}<\/script>\n<!-- \/ Yoast SEO plugin. -->","yoast_head_json":{"title":"Info - Bona Fides","robots":{"index":"index","follow":"follow","max-snippet":"max-snippet:-1","max-image-preview":"max-image-preview:large","max-video-preview":"max-video-preview:-1"},"canonical":"http:\/\/bonafides.it\/wordpress\/info\/","og_locale":"it_IT","og_type":"article","og_title":"Info - Bona Fides","og_description":"Bona Fides\u00a0\u00e8 un&#8217;associazione culturale no profit che svolge la sua attivit\u00e0 principalmente del quartiere\u00a0Giardino di Roma. La nostra sede legale \u00e8 presso Via Pietro Gherardi 6, 00125 Roma. Su Facebook la nostra pagina \u00e8\u00a0Associazione Bona Fides Su Twitter puoi seguirci &hellip; Continua a leggere&rarr;","og_url":"http:\/\/bonafides.it\/wordpress\/info\/","og_site_name":"Bona Fides","article_publisher":"https:\/\/www.facebook.com\/associazioneBonaFides\/","article_modified_time":"2013-11-22T01:03:09+00:00","og_image":[{"url":"http:\/\/www.giardinodiroma.eu\/wp-content\/uploads\/2012\/12\/bonafides_logo_white-300x289.jpg"}],"twitter_card":"summary_large_image","twitter_site":"@AssBonafides","twitter_misc":{"Tempo di lettura stimato":"2 minuti"},"schema":{"@context":"https:\/\/schema.org","@graph":[{"@type":"WebPage","@id":"http:\/\/bonafides.it\/wordpress\/info\/","url":"http:\/\/bonafides.it\/wordpress\/info\/","name":"Info - Bona Fides","isPartOf":{"@id":"http:\/\/bonafides.it\/wordpress\/#website"},"datePublished":"2013-11-15T10:11:29+00:00","dateModified":"2013-11-22T01:03:09+00:00","breadcrumb":{"@id":"http:\/\/bonafides.it\/wordpress\/info\/#breadcrumb"},"inLanguage":"it-IT","potentialAction":[{"@type":"ReadAction","target":["http:\/\/bonafides.it\/wordpress\/info\/"]}]},{"@type":"BreadcrumbList","@id":"http:\/\/bonafides.it\/wordpress\/info\/#breadcrumb","itemListElement":[{"@type":"ListItem","position":1,"name":"Home","item":"http:\/\/bonafides.it\/wordpress\/"},{"@type":"ListItem","position":2,"name":"Info"}]},{"@type":"WebSite","@id":"http:\/\/bonafides.it\/wordpress\/#website","url":"http:\/\/bonafides.it\/wordpress\/","name":"Bona Fides","description":"Associazione Culturale","potentialAction":[{"@type":"SearchAction","target":{"@type":"EntryPoint","urlTemplate":"http:\/\/bonafides.it\/wordpress\/?s={search_term_string}"},"query-input":"required name=search_term_string"}],"inLanguage":"it-IT"}]}},"jetpack_shortlink":"https:\/\/wp.me\/P46epK-y","jetpack_sharing_enabled":true,"jetpack-related-posts":[{"id":30,"url":"http:\/\/bonafides.it\/wordpress\/info\/privacy\/","url_meta":{"origin":34,"position":0},"title":"Privacy","date":"15 Novembre 2013","format":false,"excerpt":"Informativa per il trattamento dei dati personali Documento informativo ai sensi dell\u2019art. 13, D.Lgs. 30 giugno 2003, n. 196 (Codice in materia di protezione dei dati personali), e relativo consenso al trattamento. L'Associazione Culturale \"Bona Fides\" informa che i dati personali in suo possesso saranno trattati secondo i principi di\u2026","rel":"","context":"Articolo simile","img":{"alt_text":"","src":"","width":0,"height":0},"classes":[]},{"id":28,"url":"http:\/\/bonafides.it\/wordpress\/soci\/","url_meta":{"origin":34,"position":1},"title":"Soci","date":"15 Novembre 2013","format":false,"excerpt":"Consiglio Direttivo Maria Antonietta Marino (Presidente) Paolo Lucciola (Segretario e Vice Presidente) Valerio Dominici (Tesoriere) Giammarco Tiziana Gliro Antonio Lavorato Antonio Lotti Mara Monduzzi Milena Pugliese Angelo Romeo Francesco Zambrotti Roberto Se volete avanzare richiesta di associazione a\u00a0Bona Fides\u00a0potete utilizzare il modulo qui sotto","rel":"","context":"Articolo simile","img":{"alt_text":"","src":"","width":0,"height":0},"classes":[]},{"id":36,"url":"http:\/\/bonafides.it\/wordpress\/concorso-letterario\/","url_meta":{"origin":34,"position":2},"title":"Concorso letterario","date":"15 Novembre 2013","format":false,"excerpt":"Ti piace scrivere? Ti piace disegnare e fare fotografie? L\u2019Associazione\u00a0Bona Fides\u00a0ti propone di partecipare al\u00a01\u00b0 concorso artistico \u2013 letterario del quartiere\u00a0Giardino di Roma: LE RADICI DEL NOSTRO CUORE La nostra \u00e8 una delle Costituzioni pi\u00f9 belle del mondo. In questo momento di crisi e di tante difficolt\u00e0, sentiamo un gran\u2026","rel":"","context":"Articolo simile","img":{"alt_text":"","src":"","width":0,"height":0},"classes":[]},{"id":46,"url":"http:\/\/bonafides.it\/wordpress\/concorso-letterario\/concorso-adulti\/","url_meta":{"origin":34,"position":3},"title":"Concorso adulti","date":"15 Novembre 2013","format":false,"excerpt":"Ti piace scrivere? Ti piace disegnare e fare fotografie? L\u2019Associazione\u00a0Bona Fides\u00a0ti propone di partecipare al\u00a01\u00b0 concorso artistico \u2013 letterario del quartiere\u00a0Giardino di Roma: LE RADICI DEL NOSTRO CUORE La nostra \u00e8 una delle Costituzioni pi\u00f9 belle del mondo. In questo momento di crisi e di tante difficolt\u00e0, sentiamo un gran\u2026","rel":"","context":"Articolo simile","img":{"alt_text":"","src":"","width":0,"height":0},"classes":[]},{"id":2,"url":"http:\/\/bonafides.it\/wordpress\/sample-page\/","url_meta":{"origin":34,"position":4},"title":"Statuto","date":"6 Novembre 2013","format":false,"excerpt":"Art. 1.\u00a0E' costituita l'Associazione denominata:\u00a0Bona Fides. L'Associazione \u00e8 aconfessionale, apartitica e indipendente: non si appoggia ad alcun partito politico e rifugge da qualsiasi propaganda materiale e spirituale che abbia rapporti con qualsiasi idea politica, pertanto possono associarsi anche coloro i quali siano stati o sono iscritti a partiti politici, od\u2026","rel":"","context":"Articolo simile","img":{"alt_text":"","src":"","width":0,"height":0},"classes":[]},{"id":51,"url":"http:\/\/bonafides.it\/wordpress\/concorso-letterario\/invio-concorso\/","url_meta":{"origin":34,"position":5},"title":"Invio iscrizione Concorso (per adulti)","date":"15 Novembre 2013","format":false,"excerpt":"Per consegnare in cartaceo\u00a0consegnare il modulo di iscrizione (clicca\u00a0qui), la liberatoria (clicca\u00a0qui) e l'elaborato presso Bravo Centro Servizi, Via Cacini 15. Per consegnare via mail\u00a0allegare il modulo di iscrizione (clicca\u00a0qui), la liberatoria (clicca\u00a0qui) e l'elaborato a questo indirizzo:\u00a0concorso_letterario@bonafides.it Per l'invio online\u00a0utilizzare il form sottostante","rel":"","context":"Articolo simile","img":{"alt_text":"","src":"","width":0,"height":0},"classes":[]}],"_links":{"self":[{"href":"http:\/\/bonafides.it\/wordpress\/wp-json\/wp\/v2\/pages\/34"}],"collection":[{"href":"http:\/\/bonafides.it\/wordpress\/wp-json\/wp\/v2\/pages"}],"about":[{"href":"http:\/\/bonafides.it\/wordpress\/wp-json\/wp\/v2\/types\/page"}],"author":[{"embeddable":true,"href":"http:\/\/bonafides.it\/wordpress\/wp-json\/wp\/v2\/users\/1"}],"replies":[{"embeddable":true,"href":"http:\/\/bonafides.it\/wordpress\/wp-json\/wp\/v2\/comments?post=34"}],"version-history":[{"count":2,"href":"http:\/\/bonafides.it\/wordpress\/wp-json\/wp\/v2\/pages\/34\/revisions"}],"predecessor-version":[{"id":77,"href":"http:\/\/bonafides.it\/wordpress\/wp-json\/wp\/v2\/pages\/34\/revisions\/77"}],"wp:attachment":[{"href":"http:\/\/bonafides.it\/wordpress\/wp-json\/wp\/v2\/media?parent=34"}],"curies":[{"name":"wp","href":"https:\/\/api.w.org\/{rel}","templated":true}]}}