{"id":32,"date":"2013-11-15T10:11:00","date_gmt":"2013-11-15T10:11:00","guid":{"rendered":"http:\/\/bonafides.it\/wordpress\/?page_id=32"},"modified":"2013-11-21T08:16:36","modified_gmt":"2013-11-21T08:16:36","slug":"note-legali","status":"publish","type":"page","link":"http:\/\/bonafides.it\/wordpress\/info\/note-legali\/","title":{"rendered":"Note legali"},"content":{"rendered":"<p>Questo sito non rappresenta una testata giornalistica in quanto viene aggiornato senza alcuna periodicit\u00e0 . Non pu\u00f2 pertanto considerarsi un prodotto editoriale ai sensi della legge n\u00b0 62 del 7.03.2001.<br \/>\nL&#8217;autore non \u00e8 responsabile per quanto pubblicato dai lettori nei commenti ad ogni post. Verranno cancellati i commenti ritenuti offensivi o lesivi dell\u2019immagine o dell\u2019onorabilit\u00e0 di terzi, di genere spam, razzisti o che contengano dati personali non conformi al rispetto delle norme sulla Privacy.<br \/>\nAlcuni testi o immagini inserite in questo blog sono tratte da internet e, pertanto, considerate di pubblico dominio; qualora la loro pubblicazione violasse eventuali diritti d&#8217;autore, vogliate comunicarlo via\u00a0<a href=\"mailto:bonafides@bonafides.it\" target=\"_blank\">email<\/a>. Saranno immediatamente rimossi. L&#8217;autore del blog non \u00e8 responsabile dei siti collegati tramite link n\u00e9 del loro contenuto che pu\u00f2 essere soggetto a variazioni nel tempo.<\/p>\n","protected":false},"excerpt":{"rendered":"<p>Questo sito non rappresenta una testata giornalistica in quanto viene aggiornato senza alcuna periodicit\u00e0 . Non pu\u00f2 pertanto considerarsi un prodotto editoriale ai sensi della legge n\u00b0 62 del 7.03.2001. L&#8217;autore non \u00e8 responsabile per quanto pubblicato dai lettori nei &hellip; <a href=\"http:\/\/bonafides.it\/wordpress\/info\/note-legali\/\">Continua a leggere<span class=\"meta-nav\">&rarr;<\/span><\/a><\/p>\n","protected":false},"author":1,"featured_media":0,"parent":34,"menu_order":0,"comment_status":"closed","ping_status":"closed","template":"","meta":{"jetpack_post_was_ever_published":false},"yoast_head":"<!-- This site is optimized with the Yoast SEO plugin v20.4 - https:\/\/yoast.com\/wordpress\/plugins\/seo\/ -->\n<title>Note legali - Bona Fides<\/title>\n<meta name=\"robots\" content=\"index, follow, max-snippet:-1, max-image-preview:large, max-video-preview:-1\" \/>\n<link rel=\"canonical\" href=\"http:\/\/bonafides.it\/wordpress\/info\/note-legali\/\" \/>\n<meta property=\"og:locale\" content=\"it_IT\" \/>\n<meta property=\"og:type\" content=\"article\" \/>\n<meta property=\"og:title\" content=\"Note legali - Bona Fides\" \/>\n<meta property=\"og:description\" content=\"Questo sito non rappresenta una testata giornalistica in quanto viene aggiornato senza alcuna periodicit\u00e0 . Non pu\u00f2 pertanto considerarsi un prodotto editoriale ai sensi della legge n\u00b0 62 del 7.03.2001. L&#8217;autore non \u00e8 responsabile per quanto pubblicato dai lettori nei &hellip; Continua a leggere&rarr;\" \/>\n<meta property=\"og:url\" content=\"http:\/\/bonafides.it\/wordpress\/info\/note-legali\/\" \/>\n<meta property=\"og:site_name\" content=\"Bona Fides\" \/>\n<meta property=\"article:publisher\" content=\"https:\/\/www.facebook.com\/associazioneBonaFides\/\" \/>\n<meta property=\"article:modified_time\" content=\"2013-11-21T08:16:36+00:00\" \/>\n<meta name=\"twitter:card\" content=\"summary_large_image\" \/>\n<meta name=\"twitter:site\" content=\"@AssBonafides\" \/>\n<meta name=\"twitter:label1\" content=\"Tempo di lettura stimato\" \/>\n\t<meta name=\"twitter:data1\" content=\"1 minuto\" \/>\n<script type=\"application\/ld+json\" class=\"yoast-schema-graph\">{\"@context\":\"https:\/\/schema.org\",\"@graph\":[{\"@type\":\"WebPage\",\"@id\":\"http:\/\/bonafides.it\/wordpress\/info\/note-legali\/\",\"url\":\"http:\/\/bonafides.it\/wordpress\/info\/note-legali\/\",\"name\":\"Note legali - Bona Fides\",\"isPartOf\":{\"@id\":\"http:\/\/bonafides.it\/wordpress\/#website\"},\"datePublished\":\"2013-11-15T10:11:00+00:00\",\"dateModified\":\"2013-11-21T08:16:36+00:00\",\"breadcrumb\":{\"@id\":\"http:\/\/bonafides.it\/wordpress\/info\/note-legali\/#breadcrumb\"},\"inLanguage\":\"it-IT\",\"potentialAction\":[{\"@type\":\"ReadAction\",\"target\":[\"http:\/\/bonafides.it\/wordpress\/info\/note-legali\/\"]}]},{\"@type\":\"BreadcrumbList\",\"@id\":\"http:\/\/bonafides.it\/wordpress\/info\/note-legali\/#breadcrumb\",\"itemListElement\":[{\"@type\":\"ListItem\",\"position\":1,\"name\":\"Home\",\"item\":\"http:\/\/bonafides.it\/wordpress\/\"},{\"@type\":\"ListItem\",\"position\":2,\"name\":\"Info\",\"item\":\"http:\/\/bonafides.it\/wordpress\/info\/\"},{\"@type\":\"ListItem\",\"position\":3,\"name\":\"Note legali\"}]},{\"@type\":\"WebSite\",\"@id\":\"http:\/\/bonafides.it\/wordpress\/#website\",\"url\":\"http:\/\/bonafides.it\/wordpress\/\",\"name\":\"Bona Fides\",\"description\":\"Associazione Culturale\",\"potentialAction\":[{\"@type\":\"SearchAction\",\"target\":{\"@type\":\"EntryPoint\",\"urlTemplate\":\"http:\/\/bonafides.it\/wordpress\/?s={search_term_string}\"},\"query-input\":\"required name=search_term_string\"}],\"inLanguage\":\"it-IT\"}]}<\/script>\n<!-- \/ Yoast SEO plugin. -->","yoast_head_json":{"title":"Note legali - Bona Fides","robots":{"index":"index","follow":"follow","max-snippet":"max-snippet:-1","max-image-preview":"max-image-preview:large","max-video-preview":"max-video-preview:-1"},"canonical":"http:\/\/bonafides.it\/wordpress\/info\/note-legali\/","og_locale":"it_IT","og_type":"article","og_title":"Note legali - Bona Fides","og_description":"Questo sito non rappresenta una testata giornalistica in quanto viene aggiornato senza alcuna periodicit\u00e0 . Non pu\u00f2 pertanto considerarsi un prodotto editoriale ai sensi della legge n\u00b0 62 del 7.03.2001. L&#8217;autore non \u00e8 responsabile per quanto pubblicato dai lettori nei &hellip; Continua a leggere&rarr;","og_url":"http:\/\/bonafides.it\/wordpress\/info\/note-legali\/","og_site_name":"Bona Fides","article_publisher":"https:\/\/www.facebook.com\/associazioneBonaFides\/","article_modified_time":"2013-11-21T08:16:36+00:00","twitter_card":"summary_large_image","twitter_site":"@AssBonafides","twitter_misc":{"Tempo di lettura stimato":"1 minuto"},"schema":{"@context":"https:\/\/schema.org","@graph":[{"@type":"WebPage","@id":"http:\/\/bonafides.it\/wordpress\/info\/note-legali\/","url":"http:\/\/bonafides.it\/wordpress\/info\/note-legali\/","name":"Note legali - Bona Fides","isPartOf":{"@id":"http:\/\/bonafides.it\/wordpress\/#website"},"datePublished":"2013-11-15T10:11:00+00:00","dateModified":"2013-11-21T08:16:36+00:00","breadcrumb":{"@id":"http:\/\/bonafides.it\/wordpress\/info\/note-legali\/#breadcrumb"},"inLanguage":"it-IT","potentialAction":[{"@type":"ReadAction","target":["http:\/\/bonafides.it\/wordpress\/info\/note-legali\/"]}]},{"@type":"BreadcrumbList","@id":"http:\/\/bonafides.it\/wordpress\/info\/note-legali\/#breadcrumb","itemListElement":[{"@type":"ListItem","position":1,"name":"Home","item":"http:\/\/bonafides.it\/wordpress\/"},{"@type":"ListItem","position":2,"name":"Info","item":"http:\/\/bonafides.it\/wordpress\/info\/"},{"@type":"ListItem","position":3,"name":"Note legali"}]},{"@type":"WebSite","@id":"http:\/\/bonafides.it\/wordpress\/#website","url":"http:\/\/bonafides.it\/wordpress\/","name":"Bona Fides","description":"Associazione Culturale","potentialAction":[{"@type":"SearchAction","target":{"@type":"EntryPoint","urlTemplate":"http:\/\/bonafides.it\/wordpress\/?s={search_term_string}"},"query-input":"required name=search_term_string"}],"inLanguage":"it-IT"}]}},"jetpack_shortlink":"https:\/\/wp.me\/P46epK-w","jetpack_sharing_enabled":true,"jetpack-related-posts":[{"id":2,"url":"http:\/\/bonafides.it\/wordpress\/sample-page\/","url_meta":{"origin":32,"position":0},"title":"Statuto","date":"6 Novembre 2013","format":false,"excerpt":"Art. 1.\u00a0E' costituita l'Associazione denominata:\u00a0Bona Fides. L'Associazione \u00e8 aconfessionale, apartitica e indipendente: non si appoggia ad alcun partito politico e rifugge da qualsiasi propaganda materiale e spirituale che abbia rapporti con qualsiasi idea politica, pertanto possono associarsi anche coloro i quali siano stati o sono iscritti a partiti politici, od\u2026","rel":"","context":"Articolo simile","img":{"alt_text":"","src":"","width":0,"height":0},"classes":[]},{"id":30,"url":"http:\/\/bonafides.it\/wordpress\/info\/privacy\/","url_meta":{"origin":32,"position":1},"title":"Privacy","date":"15 Novembre 2013","format":false,"excerpt":"Informativa per il trattamento dei dati personali Documento informativo ai sensi dell\u2019art. 13, D.Lgs. 30 giugno 2003, n. 196 (Codice in materia di protezione dei dati personali), e relativo consenso al trattamento. L'Associazione Culturale \"Bona Fides\" informa che i dati personali in suo possesso saranno trattati secondo i principi di\u2026","rel":"","context":"Articolo simile","img":{"alt_text":"","src":"","width":0,"height":0},"classes":[]},{"id":34,"url":"http:\/\/bonafides.it\/wordpress\/info\/","url_meta":{"origin":32,"position":2},"title":"Info","date":"15 Novembre 2013","format":false,"excerpt":"Bona Fides\u00a0\u00e8 un'associazione culturale no profit che svolge la sua attivit\u00e0 principalmente del quartiere\u00a0Giardino di Roma. La nostra sede legale \u00e8 presso Via Pietro Gherardi 6, 00125 Roma. Su Facebook la nostra pagina \u00e8\u00a0Associazione Bona Fides Su Twitter puoi seguirci su\u00a0@AssBonafides Puoi contattarci via mail tramite questo modulo \u00a0 Cos\u2019\u00e8?\u2026","rel":"","context":"Articolo simile","img":{"alt_text":"","src":"https:\/\/i0.wp.com\/www.giardinodiroma.eu\/wp-content\/uploads\/2012\/12\/bonafides_logo_white-300x289.jpg?resize=350%2C200","width":350,"height":200},"classes":[]}],"_links":{"self":[{"href":"http:\/\/bonafides.it\/wordpress\/wp-json\/wp\/v2\/pages\/32"}],"collection":[{"href":"http:\/\/bonafides.it\/wordpress\/wp-json\/wp\/v2\/pages"}],"about":[{"href":"http:\/\/bonafides.it\/wordpress\/wp-json\/wp\/v2\/types\/page"}],"author":[{"embeddable":true,"href":"http:\/\/bonafides.it\/wordpress\/wp-json\/wp\/v2\/users\/1"}],"replies":[{"embeddable":true,"href":"http:\/\/bonafides.it\/wordpress\/wp-json\/wp\/v2\/comments?post=32"}],"version-history":[{"count":2,"href":"http:\/\/bonafides.it\/wordpress\/wp-json\/wp\/v2\/pages\/32\/revisions"}],"predecessor-version":[{"id":75,"href":"http:\/\/bonafides.it\/wordpress\/wp-json\/wp\/v2\/pages\/32\/revisions\/75"}],"up":[{"embeddable":true,"href":"http:\/\/bonafides.it\/wordpress\/wp-json\/wp\/v2\/pages\/34"}],"wp:attachment":[{"href":"http:\/\/bonafides.it\/wordpress\/wp-json\/wp\/v2\/media?parent=32"}],"curies":[{"name":"wp","href":"https:\/\/api.w.org\/{rel}","templated":true}]}}