{"id":30,"date":"2013-11-15T10:09:58","date_gmt":"2013-11-15T10:09:58","guid":{"rendered":"http:\/\/bonafides.it\/wordpress\/?page_id=30"},"modified":"2013-11-21T08:16:42","modified_gmt":"2013-11-21T08:16:42","slug":"privacy","status":"publish","type":"page","link":"http:\/\/bonafides.it\/wordpress\/info\/privacy\/","title":{"rendered":"Privacy"},"content":{"rendered":"<p><strong>Informativa per il trattamento dei dati personali<\/strong><\/p>\n<p>Documento informativo ai sensi dell\u2019art. 13, D.Lgs. 30 giugno 2003, n. 196 (Codice in materia di protezione dei dati personali), e relativo consenso al trattamento.<\/p>\n<p>L&#8217;Associazione Culturale &#8220;Bona Fides&#8221; informa che i dati personali in suo possesso saranno trattati secondo i principi di liceit\u00e0, correttezza, legittimit\u00e0 e di tutela della riservatezza e dei diritti dell\u2019interessato.<\/p>\n<p><strong>Finalit\u00e0 del trattamento<\/strong><\/p>\n<p><strong><\/strong>I dati personali saranno utilizzati nei limiti delle proprie finalit\u00e0 istituzionali stabilite dal proprio statuto, e cio\u00e8 per promuovere iniziative utili e necessarie per la salvaguardia della salute pubblica, per il miglioramento dei servizi e di tutto quanto sia di pubblico interesse, promuovere iniziative per la soluzione dei problemi delle categorie deboli e svantaggiate, prestare attenzione alle istanze dei giovani e delle donne, promuovere occasioni d\u2019incontro, attivit\u00e0 sociali e manifestazioni sportive, diffondere l\u2019informazione con vari mezzi.<\/p>\n<p>In particolare, i dati personali saranno raccolti per l\u2019inserimento nei propri elenchi ed utilizzati per l\u2019invio di comunicazioni informative sulle attivit\u00e0 dell&#8217;Associazione Culturale &#8220;Bona Fides&#8221;, e saranno resi disponibili all\u2019interno di sezioni riservate del proprio sito Internet, con accesso limitato ai soli utenti registrati.<\/p>\n<p>Ai fini dell&#8217;indicato trattamento, l&#8217;Associazione Culturale &#8220;Bona Fides&#8221; potr\u00e0 venire a conoscenza di dati sensibili, quali quelli idonei a rivelare l&#8217;origine razziale od etnica, le convinzioni religiose, filosofiche o di altro genere, le opinioni politiche, l&#8217;adesione a partiti politici, sindacati, associazioni od organizzazioni a carattere religioso, filosofico, politico o sindacale, lo stato di salute e la vita sessuale.<\/p>\n<p><strong>Modalit\u00e0 del trattamento<\/strong><\/p>\n<p>Le modalit\u00e0 ed i criteri del trattamento saranno quelli naturalmente connessi e necessari al perseguimento delle indicate finalit\u00e0. Il trattamento \u00e8 realizzato per mezzo delle operazioni o complesso di operazioni rappresentate dalla: raccolta, registrazione, organizzazione, conservazione, consultazione, elaborazione, modifica, selezione, estrazione, raffronto, utilizzo, interconnessione, blocco, comunicazione, cancellazione e distruzione dei dati personali.<\/p>\n<p>Il trattamento sar\u00e0 effettuato oltre che in forma manuale e con supporti cartacei, anche con l&#8217;ausilio di sistemi informatici, mediante i quali saranno elaborati e conservati i dati personali.<\/p>\n<p><strong>Conferimento dei dati<\/strong><\/p>\n<p>Il conferimento dei propri dati anagrafici ed indirizzo email \u00e8 necessario per la registrazione al sito Internet dell&#8217;Associazione Culturale &#8220;Bona Fides&#8221;.<\/p>\n<p>Il conferimento degli altri dati personali \u00e8 facoltativo, ma il mancato conferimento potr\u00e0 comportare l\u2019impossibilit\u00e0 per l&#8217;Associazione Culturale &#8220;Bona Fides&#8221; di adempiere ad alcune delle proprie funzioni istituzionali per le quali essi si dimostrino necessari.<\/p>\n<p>L&#8217;eventuale mancato conferimento dei dati personali, ovvero il conferimento di dati personali errati, o il mancato consenso al trattamento, comporteranno l\u2019impossibilit\u00e0 di eseguire la registrazione al sito Internet dell&#8217;Associazione Culturale &#8220;Bona Fides&#8221;, e di effettuare le attivit\u00e0 di cui alle finalit\u00e0 sopra indicate.<\/p>\n<p><strong>Ambito di comunicazione e diffusione<\/strong><\/p>\n<p>I dati personali, oggetto del trattamento, potranno essere conosciuti dai componenti dell&#8217;Associazione Culturale &#8220;Bona Fides&#8221; e comunicati a:<\/p>\n<p>&#8211; consulenti esterni di cui si avvalga l&#8217;Associazione Culturale &#8220;Bona Fides&#8221; nell\u2019adempimento delle proprie finalit\u00e0 istituzionali;<\/p>\n<p>&#8211; altri soggetti, le cui attivit\u00e0 siano correlate a quelle dell&#8217;Associazione Culturale &#8220;Bona Fides&#8221;;<\/p>\n<p>&#8211; gli utenti registrati sul sito www.bonafides.it.<\/p>\n<p>Per esigenze specifiche, legate alle finalit\u00e0 dell&#8217;Associazione Culturale &#8220;Bona Fides&#8221;, i dati personali oggetto del trattamento potranno essere diffusi e quindi conosciuti da un numero indeterminato di soggetti, che utilizzeranno i dati in qualit\u00e0 di titolari, ai sensi degli artt. 4 e 28 D.Lgs 196\/03, in piena autonomia; l&#8217;Associazione Culturale &#8220;Bona Fides&#8221; non assume alcuna responsabilit\u00e0 per l\u2019eventuale improprio trattamento\u00a0dei dati stessi da parte di terzi.<\/p>\n<p><strong>Diritti dell&#8217;interessato e Titolare del trattamento<\/strong><\/p>\n<p>L\u2019interessato potr\u00e0 far valere i diritti di cui all\u2019art. 7 del D. Lgs. 30 giugno 2003 n. 196, rivolgendosi al Titolare del trattamento, Associazione Culturale &#8220;Bona Fides&#8221;, Via Pietro Gherardi, 6 &#8211; 00125 Roma, e-mail:\u00a0bonafides@bonafides.it.<\/p>\n<p>In particolare, l&#8217;interessato ha il diritto di ottenere dal titolare la conferma dell&#8217;esistenza o meno di propri dati personali e la loro messa disposizione in forma intelligibile, pu\u00f2 ottenere l\u2019indicazione dell&#8217;origine dei dati, delle finalit\u00e0 e delle modalit\u00e0 del trattamento, della logica applicata al trattamento elettronico, degli estremi identificativi del titolare, dei soggetti ai quali i dati possono essere comunicati o che possono venirne a conoscenza. L&#8217;interessato ha inoltre il diritto di ottenere l&#8217;aggiornamento, la rettificazione e l&#8217;integrazione dei dati, la cancellazione, la trasformazione in forma anonima o il blocco dei dati trattati in violazione della legge. Infine, di opporsi, in tutto o in parte, per motivi legittimi, al trattamento dei dati.<\/p>\n","protected":false},"excerpt":{"rendered":"<p>Informativa per il trattamento dei dati personali Documento informativo ai sensi dell\u2019art. 13, D.Lgs. 30 giugno 2003, n. 196 (Codice in materia di protezione dei dati personali), e relativo consenso al trattamento. L&#8217;Associazione Culturale &#8220;Bona Fides&#8221; informa che i dati &hellip; <a href=\"http:\/\/bonafides.it\/wordpress\/info\/privacy\/\">Continua a leggere<span class=\"meta-nav\">&rarr;<\/span><\/a><\/p>\n","protected":false},"author":1,"featured_media":0,"parent":34,"menu_order":0,"comment_status":"closed","ping_status":"closed","template":"","meta":{"jetpack_post_was_ever_published":false},"yoast_head":"<!-- This site is optimized with the Yoast SEO plugin v20.4 - https:\/\/yoast.com\/wordpress\/plugins\/seo\/ -->\n<title>Privacy - Bona Fides<\/title>\n<meta name=\"robots\" content=\"index, follow, max-snippet:-1, max-image-preview:large, max-video-preview:-1\" \/>\n<link rel=\"canonical\" href=\"http:\/\/bonafides.it\/wordpress\/info\/privacy\/\" \/>\n<meta property=\"og:locale\" content=\"it_IT\" \/>\n<meta property=\"og:type\" content=\"article\" \/>\n<meta property=\"og:title\" content=\"Privacy - Bona Fides\" \/>\n<meta property=\"og:description\" content=\"Informativa per il trattamento dei dati personali Documento informativo ai sensi dell\u2019art. 13, D.Lgs. 30 giugno 2003, n. 196 (Codice in materia di protezione dei dati personali), e relativo consenso al trattamento. L&#8217;Associazione Culturale &#8220;Bona Fides&#8221; informa che i dati &hellip; Continua a leggere&rarr;\" \/>\n<meta property=\"og:url\" content=\"http:\/\/bonafides.it\/wordpress\/info\/privacy\/\" \/>\n<meta property=\"og:site_name\" content=\"Bona Fides\" \/>\n<meta property=\"article:publisher\" content=\"https:\/\/www.facebook.com\/associazioneBonaFides\/\" \/>\n<meta property=\"article:modified_time\" content=\"2013-11-21T08:16:42+00:00\" \/>\n<meta name=\"twitter:card\" content=\"summary_large_image\" \/>\n<meta name=\"twitter:site\" content=\"@AssBonafides\" \/>\n<meta name=\"twitter:label1\" content=\"Tempo di lettura stimato\" \/>\n\t<meta name=\"twitter:data1\" content=\"4 minuti\" \/>\n<script type=\"application\/ld+json\" class=\"yoast-schema-graph\">{\"@context\":\"https:\/\/schema.org\",\"@graph\":[{\"@type\":\"WebPage\",\"@id\":\"http:\/\/bonafides.it\/wordpress\/info\/privacy\/\",\"url\":\"http:\/\/bonafides.it\/wordpress\/info\/privacy\/\",\"name\":\"Privacy - Bona Fides\",\"isPartOf\":{\"@id\":\"http:\/\/bonafides.it\/wordpress\/#website\"},\"datePublished\":\"2013-11-15T10:09:58+00:00\",\"dateModified\":\"2013-11-21T08:16:42+00:00\",\"breadcrumb\":{\"@id\":\"http:\/\/bonafides.it\/wordpress\/info\/privacy\/#breadcrumb\"},\"inLanguage\":\"it-IT\",\"potentialAction\":[{\"@type\":\"ReadAction\",\"target\":[\"http:\/\/bonafides.it\/wordpress\/info\/privacy\/\"]}]},{\"@type\":\"BreadcrumbList\",\"@id\":\"http:\/\/bonafides.it\/wordpress\/info\/privacy\/#breadcrumb\",\"itemListElement\":[{\"@type\":\"ListItem\",\"position\":1,\"name\":\"Home\",\"item\":\"http:\/\/bonafides.it\/wordpress\/\"},{\"@type\":\"ListItem\",\"position\":2,\"name\":\"Info\",\"item\":\"http:\/\/bonafides.it\/wordpress\/info\/\"},{\"@type\":\"ListItem\",\"position\":3,\"name\":\"Privacy\"}]},{\"@type\":\"WebSite\",\"@id\":\"http:\/\/bonafides.it\/wordpress\/#website\",\"url\":\"http:\/\/bonafides.it\/wordpress\/\",\"name\":\"Bona Fides\",\"description\":\"Associazione Culturale\",\"potentialAction\":[{\"@type\":\"SearchAction\",\"target\":{\"@type\":\"EntryPoint\",\"urlTemplate\":\"http:\/\/bonafides.it\/wordpress\/?s={search_term_string}\"},\"query-input\":\"required name=search_term_string\"}],\"inLanguage\":\"it-IT\"}]}<\/script>\n<!-- \/ Yoast SEO plugin. -->","yoast_head_json":{"title":"Privacy - Bona Fides","robots":{"index":"index","follow":"follow","max-snippet":"max-snippet:-1","max-image-preview":"max-image-preview:large","max-video-preview":"max-video-preview:-1"},"canonical":"http:\/\/bonafides.it\/wordpress\/info\/privacy\/","og_locale":"it_IT","og_type":"article","og_title":"Privacy - Bona Fides","og_description":"Informativa per il trattamento dei dati personali Documento informativo ai sensi dell\u2019art. 13, D.Lgs. 30 giugno 2003, n. 196 (Codice in materia di protezione dei dati personali), e relativo consenso al trattamento. L&#8217;Associazione Culturale &#8220;Bona Fides&#8221; informa che i dati &hellip; Continua a leggere&rarr;","og_url":"http:\/\/bonafides.it\/wordpress\/info\/privacy\/","og_site_name":"Bona Fides","article_publisher":"https:\/\/www.facebook.com\/associazioneBonaFides\/","article_modified_time":"2013-11-21T08:16:42+00:00","twitter_card":"summary_large_image","twitter_site":"@AssBonafides","twitter_misc":{"Tempo di lettura stimato":"4 minuti"},"schema":{"@context":"https:\/\/schema.org","@graph":[{"@type":"WebPage","@id":"http:\/\/bonafides.it\/wordpress\/info\/privacy\/","url":"http:\/\/bonafides.it\/wordpress\/info\/privacy\/","name":"Privacy - Bona Fides","isPartOf":{"@id":"http:\/\/bonafides.it\/wordpress\/#website"},"datePublished":"2013-11-15T10:09:58+00:00","dateModified":"2013-11-21T08:16:42+00:00","breadcrumb":{"@id":"http:\/\/bonafides.it\/wordpress\/info\/privacy\/#breadcrumb"},"inLanguage":"it-IT","potentialAction":[{"@type":"ReadAction","target":["http:\/\/bonafides.it\/wordpress\/info\/privacy\/"]}]},{"@type":"BreadcrumbList","@id":"http:\/\/bonafides.it\/wordpress\/info\/privacy\/#breadcrumb","itemListElement":[{"@type":"ListItem","position":1,"name":"Home","item":"http:\/\/bonafides.it\/wordpress\/"},{"@type":"ListItem","position":2,"name":"Info","item":"http:\/\/bonafides.it\/wordpress\/info\/"},{"@type":"ListItem","position":3,"name":"Privacy"}]},{"@type":"WebSite","@id":"http:\/\/bonafides.it\/wordpress\/#website","url":"http:\/\/bonafides.it\/wordpress\/","name":"Bona Fides","description":"Associazione Culturale","potentialAction":[{"@type":"SearchAction","target":{"@type":"EntryPoint","urlTemplate":"http:\/\/bonafides.it\/wordpress\/?s={search_term_string}"},"query-input":"required name=search_term_string"}],"inLanguage":"it-IT"}]}},"jetpack_shortlink":"https:\/\/wp.me\/P46epK-u","jetpack_sharing_enabled":true,"jetpack-related-posts":[{"id":2,"url":"http:\/\/bonafides.it\/wordpress\/sample-page\/","url_meta":{"origin":30,"position":0},"title":"Statuto","date":"6 Novembre 2013","format":false,"excerpt":"Art. 1.\u00a0E' costituita l'Associazione denominata:\u00a0Bona Fides. L'Associazione \u00e8 aconfessionale, apartitica e indipendente: non si appoggia ad alcun partito politico e rifugge da qualsiasi propaganda materiale e spirituale che abbia rapporti con qualsiasi idea politica, pertanto possono associarsi anche coloro i quali siano stati o sono iscritti a partiti politici, od\u2026","rel":"","context":"Articolo simile","img":{"alt_text":"","src":"","width":0,"height":0},"classes":[]},{"id":32,"url":"http:\/\/bonafides.it\/wordpress\/info\/note-legali\/","url_meta":{"origin":30,"position":1},"title":"Note legali","date":"15 Novembre 2013","format":false,"excerpt":"Questo sito non rappresenta una testata giornalistica in quanto viene aggiornato senza alcuna periodicit\u00e0 . Non pu\u00f2 pertanto considerarsi un prodotto editoriale ai sensi della legge n\u00b0 62 del 7.03.2001. L'autore non \u00e8 responsabile per quanto pubblicato dai lettori nei commenti ad ogni post. Verranno cancellati i commenti ritenuti offensivi\u2026","rel":"","context":"Articolo simile","img":{"alt_text":"","src":"","width":0,"height":0},"classes":[]},{"id":34,"url":"http:\/\/bonafides.it\/wordpress\/info\/","url_meta":{"origin":30,"position":2},"title":"Info","date":"15 Novembre 2013","format":false,"excerpt":"Bona Fides\u00a0\u00e8 un'associazione culturale no profit che svolge la sua attivit\u00e0 principalmente del quartiere\u00a0Giardino di Roma. La nostra sede legale \u00e8 presso Via Pietro Gherardi 6, 00125 Roma. Su Facebook la nostra pagina \u00e8\u00a0Associazione Bona Fides Su Twitter puoi seguirci su\u00a0@AssBonafides Puoi contattarci via mail tramite questo modulo \u00a0 Cos\u2019\u00e8?\u2026","rel":"","context":"Articolo simile","img":{"alt_text":"","src":"https:\/\/i0.wp.com\/www.giardinodiroma.eu\/wp-content\/uploads\/2012\/12\/bonafides_logo_white-300x289.jpg?resize=350%2C200","width":350,"height":200},"classes":[]},{"id":46,"url":"http:\/\/bonafides.it\/wordpress\/concorso-letterario\/concorso-adulti\/","url_meta":{"origin":30,"position":3},"title":"Concorso adulti","date":"15 Novembre 2013","format":false,"excerpt":"Ti piace scrivere? Ti piace disegnare e fare fotografie? L\u2019Associazione\u00a0Bona Fides\u00a0ti propone di partecipare al\u00a01\u00b0 concorso artistico \u2013 letterario del quartiere\u00a0Giardino di Roma: LE RADICI DEL NOSTRO CUORE La nostra \u00e8 una delle Costituzioni pi\u00f9 belle del mondo. In questo momento di crisi e di tante difficolt\u00e0, sentiamo un gran\u2026","rel":"","context":"Articolo simile","img":{"alt_text":"","src":"","width":0,"height":0},"classes":[]},{"id":49,"url":"http:\/\/bonafides.it\/wordpress\/concorso-letterario\/concorso-ragazzi\/","url_meta":{"origin":30,"position":4},"title":"Concorso ragazzi","date":"15 Novembre 2013","format":false,"excerpt":"Ciao sono la tua Costituzione! \u00a0 Ho oramai pi\u00f9 di sessanta anni, ma nello spirito sono ancora giovane e piena di buoni propositi! Sono fatta di tanti articoli, 139. Prima o poi mi leggerai tutta,\u00a0 ma oggi voglio presentarmi con questo articolo che dice: Art. 3 Tutti i cittadini hanno\u2026","rel":"","context":"Articolo simile","img":{"alt_text":"","src":"","width":0,"height":0},"classes":[]}],"_links":{"self":[{"href":"http:\/\/bonafides.it\/wordpress\/wp-json\/wp\/v2\/pages\/30"}],"collection":[{"href":"http:\/\/bonafides.it\/wordpress\/wp-json\/wp\/v2\/pages"}],"about":[{"href":"http:\/\/bonafides.it\/wordpress\/wp-json\/wp\/v2\/types\/page"}],"author":[{"embeddable":true,"href":"http:\/\/bonafides.it\/wordpress\/wp-json\/wp\/v2\/users\/1"}],"replies":[{"embeddable":true,"href":"http:\/\/bonafides.it\/wordpress\/wp-json\/wp\/v2\/comments?post=30"}],"version-history":[{"count":2,"href":"http:\/\/bonafides.it\/wordpress\/wp-json\/wp\/v2\/pages\/30\/revisions"}],"predecessor-version":[{"id":74,"href":"http:\/\/bonafides.it\/wordpress\/wp-json\/wp\/v2\/pages\/30\/revisions\/74"}],"up":[{"embeddable":true,"href":"http:\/\/bonafides.it\/wordpress\/wp-json\/wp\/v2\/pages\/34"}],"wp:attachment":[{"href":"http:\/\/bonafides.it\/wordpress\/wp-json\/wp\/v2\/media?parent=30"}],"curies":[{"name":"wp","href":"https:\/\/api.w.org\/{rel}","templated":true}]}}